{"id":1058,"date":"2018-11-19T09:26:57","date_gmt":"2018-11-19T09:26:57","guid":{"rendered":"https:\/\/boldlab.qodeinteractive.com\/?page_id=1058"},"modified":"2024-11-04T15:42:12","modified_gmt":"2024-11-04T15:42:12","slug":"agency-home","status":"publish","type":"page","link":"https:\/\/www.888ajans.com\/","title":{"rendered":"Agency Home"},"content":{"rendered":"<section class=\"wpb-content-wrapper\"><p>[vc_row][vc_column]\n\t\t\t<!-- START AgencyHome REVOLUTION SLIDER 6.6.12 --><p class=\"rs-p-wp-fix\"><\/p>\n\t\t\t<rs-module-wrap id=\"rev_slider_1_1_wrapper\" data-source=\"gallery\" style=\"visibility:hidden;background:transparent;padding:0;margin:0px auto;margin-top:0;margin-bottom:0;\">\n\t\t\t\t<rs-module id=\"rev_slider_1_1\" style=\"\" data-version=\"6.6.12\">\n\t\t\t\t\t<rs-slides style=\"overflow: hidden; position: absolute;\">\n\t\t\t\t\t\t<rs-slide style=\"position: absolute;\" data-key=\"rs-17\" data-title=\"Slide\" data-anim=\"ms:600;\" data-in=\"o:0;\" data-out=\"a:false;\">\n\t\t\t\t\t\t\t<img decoding=\"async\" src=\"\/\/www.888ajans.com\/wp-content\/plugins\/revslider\/public\/assets\/assets\/dummy.png\" alt=\"\" title=\"888Ajans_ne yapiyoruz (3)\" width=\"1920\" height=\"800\" class=\"rev-slidebg tp-rs-img rs-lazyload\" data-lazyload=\"\/\/www.888ajans.com\/wp-content\/uploads\/2024\/07\/888Ajans_ne-yapiyoruz-3.png\" data-parallax=\"7\" data-no-retina>\n<!--\n\t\t\t\t\t\t\t--><rs-layer\n\t\t\t\t\t\t\t\tid=\"slider-1-slide-17-layer-9\" \n\t\t\t\t\t\t\t\tdata-type=\"text\"\n\t\t\t\t\t\t\t\tdata-rsp_ch=\"on\"\n\t\t\t\t\t\t\t\tdata-xy=\"x:c;xo:-3px,1px,5px,4px;y:m;yo:162px,102px,168px,164px;\"\n\t\t\t\t\t\t\t\tdata-text=\"w:normal;s:90,85,65,50;l:85,80,60,45;fw:600;a:center;\"\n\t\t\t\t\t\t\t\tdata-dim=\"w:569px,508px,394px,299px;h:88px,83px,auto,48px;\"\n\t\t\t\t\t\t\t\tdata-vbility=\"t,t,t,f\"\n\t\t\t\t\t\t\t\tdata-padding=\"r:5;b:3;l:5;\"\n\t\t\t\t\t\t\t\tdata-frame_0=\"x:175%;o:1;\"\n\t\t\t\t\t\t\t\tdata-frame_0_mask=\"u:t;x:-100%;\"\n\t\t\t\t\t\t\t\tdata-frame_1=\"e:power3.out;st:400;sp:1200;sR:400;\"\n\t\t\t\t\t\t\t\tdata-frame_1_mask=\"u:t;\"\n\t\t\t\t\t\t\t\tdata-frame_999=\"st:w;sp:1000;sR:2400;auto:true;\"\n\t\t\t\t\t\t\t\tdata-frame_999_mask=\"u:t;\"\n\t\t\t\t\t\t\t\tstyle=\"z-index:10;background-color:#000000;font-family:'Barlow Condensed';text-transform:uppercase;\"\n\t\t\t\t\t\t\t>YOUTUBE \u00c7EK\u0130M\u0130 \n\t\t\t\t\t\t\t<\/rs-layer><!--\n\n\t\t\t\t\t\t\t--><rs-layer\n\t\t\t\t\t\t\t\tid=\"slider-1-slide-17-layer-10\" \n\t\t\t\t\t\t\t\tdata-type=\"text\"\n\t\t\t\t\t\t\t\tdata-rsp_ch=\"on\"\n\t\t\t\t\t\t\t\tdata-xy=\"x:c;xo:-4px,5px,1px,-1px;y:m;yo:87px,23px,109px,106px;\"\n\t\t\t\t\t\t\t\tdata-text=\"w:normal;s:55,55,50,40;l:50,50,45,35;fw:600;a:center,inherit,inherit,center;\"\n\t\t\t\t\t\t\t\tdata-dim=\"w:373px,378px,339px,286px;h:54px,53px,auto,38px;\"\n\t\t\t\t\t\t\t\tdata-vbility=\"t,t,t,f\"\n\t\t\t\t\t\t\t\tdata-padding=\"r:5;b:3;l:5;\"\n\t\t\t\t\t\t\t\tdata-frame_0=\"x:175%;o:1;\"\n\t\t\t\t\t\t\t\tdata-frame_0_mask=\"u:t;x:-100%;\"\n\t\t\t\t\t\t\t\tdata-frame_1=\"e:power3.out;st:400;sp:1200;sR:400;\"\n\t\t\t\t\t\t\t\tdata-frame_1_mask=\"u:t;\"\n\t\t\t\t\t\t\t\tdata-frame_999=\"st:w;sp:1000;sR:2400;auto:true;\"\n\t\t\t\t\t\t\t\tdata-frame_999_mask=\"u:t;\"\n\t\t\t\t\t\t\t\tstyle=\"z-index:11;background-color:#000000;font-family:'Barlow Condensed';text-transform:uppercase;\"\n\t\t\t\t\t\t\t>SOSYAL MEDYA \n\t\t\t\t\t\t\t<\/rs-layer><!--\n\n\t\t\t\t\t\t\t--><rs-layer\n\t\t\t\t\t\t\t\tid=\"slider-1-slide-17-layer-11\" \n\t\t\t\t\t\t\t\tdata-type=\"text\"\n\t\t\t\t\t\t\t\tdata-xy=\"x:c;xo:-22px,-25px,-25px,-12px;y:m;yo:230px,170px,225px,212px;\"\n\t\t\t\t\t\t\t\tdata-text=\"l:22;a:inherit;\"\n\t\t\t\t\t\t\t\tdata-rsp_o=\"off\"\n\t\t\t\t\t\t\t\tdata-rsp_bd=\"off\"\n\t\t\t\t\t\t\t\tdata-frame_0=\"x:175%;o:1;\"\n\t\t\t\t\t\t\t\tdata-frame_0_mask=\"u:t;x:-100%;\"\n\t\t\t\t\t\t\t\tdata-frame_1=\"e:power3.out;st:550;sp:1200;sR:550;\"\n\t\t\t\t\t\t\t\tdata-frame_1_mask=\"u:t;\"\n\t\t\t\t\t\t\t\tdata-frame_999=\"o:0;st:w;sR:2250;\"\n\t\t\t\t\t\t\t\tstyle=\"z-index:12;font-family:'Roboto';\"\n\t\t\t\t\t\t\t><a class=\"qodef-shortcode qodef-m  qodef-button qodef-layout--filled \" href=\"https:\/\/www.888ajans.com\/index.php\/our-process\/\" target=\"_self\"  style=\"color: #000000;background-color: #ffffff\">\n\t<span class=\"qodef-m-text\">Detaylar _<\/span>\n<\/a> \n\t\t\t\t\t\t\t<\/rs-layer><!--\n\n\t\t\t\t\t\t\t--><rs-layer\n\t\t\t\t\t\t\t\tid=\"slider-1-slide-17-layer-12\" \n\t\t\t\t\t\t\t\tdata-type=\"text\"\n\t\t\t\t\t\t\t\tdata-rsp_ch=\"on\"\n\t\t\t\t\t\t\t\tdata-xy=\"x:c;y:m;yo:-81px,-81px,-68px,-108px;\"\n\t\t\t\t\t\t\t\tdata-text=\"w:normal;s:55,55,50,40;l:50,50,45,35;fw:600;a:inherit,inherit,inherit,center;\"\n\t\t\t\t\t\t\t\tdata-dim=\"w:282px,531px,487px,220px;h:55px,54px,auto,auto;\"\n\t\t\t\t\t\t\t\tdata-vbility=\"f,f,f,t\"\n\t\t\t\t\t\t\t\tdata-padding=\"r:5;b:3;l:5;\"\n\t\t\t\t\t\t\t\tdata-frame_0=\"x:175%;o:1;\"\n\t\t\t\t\t\t\t\tdata-frame_0_mask=\"u:t;x:-100%;\"\n\t\t\t\t\t\t\t\tdata-frame_1=\"e:power3.out;st:400;sp:1200;sR:400;\"\n\t\t\t\t\t\t\t\tdata-frame_1_mask=\"u:t;\"\n\t\t\t\t\t\t\t\tdata-frame_999=\"st:w;sp:1000;sR:2400;auto:true;\"\n\t\t\t\t\t\t\t\tdata-frame_999_mask=\"u:t;\"\n\t\t\t\t\t\t\t\tstyle=\"z-index:8;background-color:#000000;font-family:'Barlow Condensed';text-transform:uppercase;\"\n\t\t\t\t\t\t\t>PROFESYONEL \n\t\t\t\t\t\t\t<\/rs-layer><!--\n\n\t\t\t\t\t\t\t--><rs-layer\n\t\t\t\t\t\t\t\tid=\"slider-1-slide-17-layer-13\" \n\t\t\t\t\t\t\t\tdata-type=\"text\"\n\t\t\t\t\t\t\t\tdata-rsp_ch=\"on\"\n\t\t\t\t\t\t\t\tdata-xy=\"x:c;xo:-5px,0,0,0;y:m;yo:-81px,-81px,-68px,-65px;\"\n\t\t\t\t\t\t\t\tdata-text=\"w:normal;s:55,55,50,40;l:50,50,45,35;fw:600;a:inherit,inherit,inherit,center;\"\n\t\t\t\t\t\t\t\tdata-dim=\"w:185px,531px,487px,171px;h:55px,54px,auto,39px;\"\n\t\t\t\t\t\t\t\tdata-vbility=\"f,f,f,t\"\n\t\t\t\t\t\t\t\tdata-padding=\"r:5;b:3;l:5;\"\n\t\t\t\t\t\t\t\tdata-frame_0=\"x:175%;o:1;\"\n\t\t\t\t\t\t\t\tdata-frame_0_mask=\"u:t;x:-100%;\"\n\t\t\t\t\t\t\t\tdata-frame_1=\"e:power3.out;st:400;sp:1200;sR:400;\"\n\t\t\t\t\t\t\t\tdata-frame_1_mask=\"u:t;\"\n\t\t\t\t\t\t\t\tdata-frame_999=\"st:w;sp:1000;sR:2400;auto:true;\"\n\t\t\t\t\t\t\t\tdata-frame_999_mask=\"u:t;\"\n\t\t\t\t\t\t\t\tstyle=\"z-index:9;background-color:#000000;font-family:'Barlow Condensed';text-transform:uppercase;\"\n\t\t\t\t\t\t\t>YOUTUBE \n\t\t\t\t\t\t\t<\/rs-layer><!--\n\n\t\t\t\t\t\t\t--><rs-layer\n\t\t\t\t\t\t\t\tid=\"slider-1-slide-17-layer-14\" \n\t\t\t\t\t\t\t\tdata-type=\"text\"\n\t\t\t\t\t\t\t\tdata-rsp_ch=\"on\"\n\t\t\t\t\t\t\t\tdata-xy=\"x:c;y:m;yo:-5px,-5px,-8px,-18px;\"\n\t\t\t\t\t\t\t\tdata-text=\"w:normal;s:90,85,65,46;l:85,80,60,45;fw:600;a:inherit,inherit,left,center;\"\n\t\t\t\t\t\t\t\tdata-dim=\"w:196px,835px,643px,259px;h:auto,85px,auto,48px;\"\n\t\t\t\t\t\t\t\tdata-vbility=\"f,f,f,t\"\n\t\t\t\t\t\t\t\tdata-padding=\"r:5;b:3;l:5;\"\n\t\t\t\t\t\t\t\tdata-frame_0=\"x:175%;o:1;\"\n\t\t\t\t\t\t\t\tdata-frame_0_mask=\"u:t;x:-100%;\"\n\t\t\t\t\t\t\t\tdata-frame_1=\"e:power3.out;st:400;sp:1200;sR:400;\"\n\t\t\t\t\t\t\t\tdata-frame_1_mask=\"u:t;\"\n\t\t\t\t\t\t\t\tdata-frame_999=\"st:w;sp:1000;sR:2400;auto:true;\"\n\t\t\t\t\t\t\t\tdata-frame_999_mask=\"u:t;\"\n\t\t\t\t\t\t\t\tstyle=\"z-index:7;background-color:#000000;font-family:'Barlow Condensed';text-transform:uppercase;\"\n\t\t\t\t\t\t\t>VIDEO \n\t\t\t\t\t\t\t<\/rs-layer><!--\n\n\t\t\t\t\t\t\t--><rs-layer\n\t\t\t\t\t\t\t\tid=\"slider-1-slide-17-layer-15\" \n\t\t\t\t\t\t\t\tdata-type=\"text\"\n\t\t\t\t\t\t\t\tdata-rsp_ch=\"on\"\n\t\t\t\t\t\t\t\tdata-xy=\"x:c;y:m;yo:-5px,-5px,-8px,35px;\"\n\t\t\t\t\t\t\t\tdata-text=\"w:normal;s:90,85,65,46;l:85,80,60,45;fw:600;a:inherit,inherit,left,center;\"\n\t\t\t\t\t\t\t\tdata-dim=\"w:329px,835px,643px,200px;h:auto,85px,auto,46px;\"\n\t\t\t\t\t\t\t\tdata-vbility=\"f,f,f,t\"\n\t\t\t\t\t\t\t\tdata-padding=\"r:5;b:3;l:5;\"\n\t\t\t\t\t\t\t\tdata-frame_0=\"x:175%;o:1;\"\n\t\t\t\t\t\t\t\tdata-frame_0_mask=\"u:t;x:-100%;\"\n\t\t\t\t\t\t\t\tdata-frame_1=\"e:power3.out;st:400;sp:1200;sR:400;\"\n\t\t\t\t\t\t\t\tdata-frame_1_mask=\"u:t;\"\n\t\t\t\t\t\t\t\tdata-frame_999=\"st:w;sp:1000;sR:2400;auto:true;\"\n\t\t\t\t\t\t\t\tdata-frame_999_mask=\"u:t;\"\n\t\t\t\t\t\t\t\tstyle=\"z-index:6;background-color:#000000;font-family:'Barlow Condensed';text-transform:uppercase;\"\n\t\t\t\t\t\t\t>YAYINLARI \n\t\t\t\t\t\t\t<\/rs-layer><!--\n-->\t\t\t\t\t\t<\/rs-slide>\n\t\t\t\t\t<\/rs-slides>\n\t\t\t\t\t<rs-static-layers><!--\n\t\t\t\t\t--><\/rs-static-layers>\n\t\t\t\t<\/rs-module>\n\t\t\t\t<script>\n\t\t\t\t\tsetREVStartSize({c: 'rev_slider_1_1',rl:[1240,1024,778,480],el:[570,395,600,500],gw:[1300,1100,600,300],gh:[570,395,600,500],type:'standard',justify:'',layout:'fullwidth',mh:\"0\"});if (window.RS_MODULES!==undefined && window.RS_MODULES.modules!==undefined && window.RS_MODULES.modules[\"revslider11\"]!==undefined) {window.RS_MODULES.modules[\"revslider11\"].once = false;window.revapi1 = undefined;if (window.RS_MODULES.checkMinimal!==undefined) window.RS_MODULES.checkMinimal()}\n\t\t\t\t<\/script>\n\t\t\t<\/rs-module-wrap>\n\t\t\t<!-- END REVOLUTION SLIDER -->\n[\/vc_column][\/vc_row][vc_row][vc_column][vc_row_inner row_content_width=&#8221;grid&#8221;][vc_column_inner css=&#8221;.vc_custom_1543592232478{padding-top: 170px !important;}&#8221; offset=&#8221;vc_col-lg-5 vc_col-md-10&#8243; column_responsive_padding_1024=&#8221;130px 15px 0&#8243; column_responsive_padding_768=&#8221;130px 15px 0&#8243; column_responsive_padding_680=&#8221;130px 15px 0&#8243;]<div class=\"qodef-shortcode qodef-m  qodef-accordion clear qodef-behavior--accordion qodef-layout--simple\">\n\t<h4 class=\"qodef-accordion-title\">\n\t<span class=\"qodef-tab-title\">\n\t\tKurulu\u015f Hikayemiz\t<\/span>\n\t<span class=\"qodef-accordion-mark\">\n\t\t<span class=\"qodef-icon--plus\">+<\/span>\n\t\t<span class=\"qodef-icon--minus\">-<\/span>\n\t<\/span>\n<\/h4>\n<div class=\"qodef-accordion-content\">\n\t<div class=\"qodef-accordion-content-inner\">\n\t\t[vc_column_text]<strong>888 Ajans Hakk\u0131nda<\/strong><\/p>\n<p><strong>Kurulu\u015f Y\u0131l\u0131:<\/strong> 2021<br \/>\n<strong>Faaliyet Alanlar\u0131:<\/strong> Sosyal Medya Y\u00f6netimi, YouTube \u00c7ekimleri, Profesyonel Video Prod\u00fcksiyonu, SEO Optimizasyonu<\/p>\n<p><strong>Kimdir 888 Ajans?<\/strong><\/p>\n<p>888 Ajans, 2021 y\u0131l\u0131nda dijital d\u00fcnyada fark yaratma misyonu ile kurulmu\u015ftur. Kuruldu\u011fu g\u00fcnden itibaren yenilik\u00e7i \u00e7\u00f6z\u00fcmler sunarak sekt\u00f6rde g\u00fc\u00e7l\u00fc bir konum elde etmi\u015ftir. 2021-2023 y\u0131llar\u0131 aras\u0131nda Amazon kargo yaz\u0131l\u0131m partnerli\u011fi yapan ajans\u0131m\u0131z, dijital hizmetlerdeki uzmanl\u0131\u011f\u0131n\u0131, 2024 y\u0131l\u0131nda sosyal medya ve YouTube i\u00e7erik prod\u00fcksiyonu alan\u0131na ta\u015f\u0131m\u0131\u015ft\u0131r.[\/vc_column_text]\t<\/div>\n<\/div><h4 class=\"qodef-accordion-title\">\n\t<span class=\"qodef-tab-title\">\n\t\tProfesyonel YouTube Hizmetleri\t<\/span>\n\t<span class=\"qodef-accordion-mark\">\n\t\t<span class=\"qodef-icon--plus\">+<\/span>\n\t\t<span class=\"qodef-icon--minus\">-<\/span>\n\t<\/span>\n<\/h4>\n<div class=\"qodef-accordion-content\">\n\t<div class=\"qodef-accordion-content-inner\">\n\t\t[vc_column_text]2024 y\u0131l\u0131n\u0131n \u015eubat ay\u0131 itibar\u0131yla, yaln\u0131zca doktor ve diyetisyenlere y\u00f6nelik profesyonel YouTube i\u00e7erik hizmeti sunmaya ba\u015flayan ajans\u0131m\u0131z, bu alanda T\u00fcrkiye\u2019nin \u00f6nde gelen firmalar\u0131 aras\u0131nda yer almaktad\u0131r. \u00c7ekim yap\u0131lan t\u00fcm videolar, profesyonel ekiplerimiz taraf\u0131ndan Amerika\u2019n\u0131n Los Angeles \u015fehrindeki ofisimizde detayl\u0131 d\u00fczenlemelerden ge\u00e7irilerek yay\u0131nlanmaktad\u0131r.[\/vc_column_text]\t<\/div>\n<\/div><h4 class=\"qodef-accordion-title\">\n\t<span class=\"qodef-tab-title\">\n\t\tSEO Destekli \u0130\u00e7erik Planlamas\u0131\t<\/span>\n\t<span class=\"qodef-accordion-mark\">\n\t\t<span class=\"qodef-icon--plus\">+<\/span>\n\t\t<span class=\"qodef-icon--minus\">-<\/span>\n\t<\/span>\n<\/h4>\n<div class=\"qodef-accordion-content\">\n\t<div class=\"qodef-accordion-content-inner\">\n\t\t[vc_column_text]Ajans\u0131m\u0131zda, \u00e7ekim s\u00fcre\u00e7lerine ba\u015flamadan \u00f6nce her i\u00e7erik i\u00e7in detayl\u0131 bir planlama yap\u0131l\u0131r. Google\u2019\u0131n uzman SEO ekiplerinin katk\u0131lar\u0131yla belirlenen konu ba\u015fl\u0131klar\u0131 ve i\u00e7erik \u00f6nerileri, hedef kitlenizin dikkatini \u00e7ekecek \u015fekilde optimize edilir ve takvimlendirilir. Bu sayede hem markan\u0131z\u0131n bilinirli\u011fini art\u0131r\u0131yor hem de dijital d\u00fcnyada etkin bir varl\u0131k olu\u015fturuyoruz.[\/vc_column_text]\t<\/div>\n<\/div><h4 class=\"qodef-accordion-title\">\n\t<span class=\"qodef-tab-title\">\n\t\tNeden 888 Ajans?\t<\/span>\n\t<span class=\"qodef-accordion-mark\">\n\t\t<span class=\"qodef-icon--plus\">+<\/span>\n\t\t<span class=\"qodef-icon--minus\">-<\/span>\n\t<\/span>\n<\/h4>\n<div class=\"qodef-accordion-content\">\n\t<div class=\"qodef-accordion-content-inner\">\n\t\t[vc_column_text]Dijital i\u00e7erik \u00fcretiminde yenilik\u00e7i ve sonu\u00e7 odakl\u0131 yakla\u015f\u0131mlar\u0131m\u0131zla markan\u0131z\u0131n dijital d\u00fcnyada b\u00fcy\u00fcmesini sa\u011fl\u0131yoruz. Profesyonel \u00e7ekim hizmetlerimiz, global standartlarda video d\u00fczenleme s\u00fcre\u00e7lerimiz ve SEO optimizasyonlu i\u00e7erik stratejilerimizle i\u015finizi bir ad\u0131m \u00f6teye ta\u015f\u0131yoruz.[\/vc_column_text]\t<\/div>\n<\/div><\/div>[\/vc_column_inner][vc_column_inner css=&#8221;.vc_custom_1543592165066{padding-top: 130px !important;padding-bottom: 110px !important;}&#8221; offset=&#8221;vc_col-lg-7 vc_col-md-10&#8243; column_responsive_padding_1024=&#8221;70px 15px 110px&#8221; column_responsive_padding_768=&#8221;70px 15px 110px&#8221; column_responsive_padding_680=&#8221;70px 15px 120px&#8221;][vc_single_image image=&#8221;4118&#8243; img_size=&#8221;full&#8221; el_class=&#8221;qodef-from-right&#8221;][\/vc_column_inner][\/vc_row_inner][\/vc_column][\/vc_row][vc_row css=&#8221;.vc_custom_1543835402783{padding-top: 95px !important;padding-bottom: 55px !important;background-color: #f5f5f5 !important;}&#8221;][vc_column][vc_row_inner row_content_width=&#8221;grid&#8221;][vc_column_inner width=&#8221;1\/2&#8243; offset=&#8221;vc_col-lg-3 vc_col-md-6&#8243;]<div class=\"qodef-shortcode qodef-m  qodef-icon-with-text qodef-layout--top qodef--custom-icon qodef--icon-animation qodef--loading-animation qodef-alignment--center\">\n\t<div class=\"qodef-m-icon-wrapper\">\n\t\t\t\t\t<img loading=\"lazy\" decoding=\"async\" width=\"87\" height=\"101\" src=\"https:\/\/www.888ajans.com\/wp-content\/uploads\/2018\/11\/h1-custom-icon-1.png\" class=\"attachment-full size-full\" alt=\"d\" \/>\t\t<\/div>\n\t<div class=\"qodef-m-content\">\n\t\t\t<h4 class=\"qodef-m-title\" >\n\t\t\t\t\t<span class=\"qodef-m-title-text\">YOUTUBE \u00c7EK\u0130MLER\u0130<\/span>\n\t\t\t<\/h4>\n\t\t\t<p class=\"qodef-m-text\" >Doktor ve diyetisyenlere \u00f6zel YouTube videolar\u0131n\u0131z, 888 Ajans\u2019\u0131n profesyonel ekipleri taraf\u0131ndan titizlikle haz\u0131rlanarak hayata ge\u00e7irilmektedir. Her video, sekt\u00f6rdeki uzmanl\u0131\u011f\u0131m\u0131z ve yarat\u0131c\u0131 dokunu\u015flar\u0131m\u0131zla en y\u00fcksek standartlarda prod\u00fcksiyon s\u00fcre\u00e7lerinden ge\u00e7er, hedef kitlenizle bulu\u015fmak \u00fczere \u00f6zenle d\u00fczenlenir.<\/p>\n\t<\/div>\n<\/div>[vc_empty_space height=&#8221;67px&#8221;][\/vc_column_inner][vc_column_inner width=&#8221;1\/2&#8243; offset=&#8221;vc_col-lg-3 vc_col-md-6&#8243;]<div class=\"qodef-shortcode qodef-m  qodef-icon-with-text qodef-layout--top qodef--custom-icon qodef--icon-animation qodef--loading-animation qodef-alignment--center\">\n\t<div class=\"qodef-m-icon-wrapper\">\n\t\t\t\t\t<img loading=\"lazy\" decoding=\"async\" width=\"112\" height=\"101\" src=\"https:\/\/www.888ajans.com\/wp-content\/uploads\/2018\/11\/h1-custom-icon-2.png\" class=\"attachment-full size-full\" alt=\"j\" \/>\t\t<\/div>\n\t<div class=\"qodef-m-content\">\n\t\t\t<h4 class=\"qodef-m-title\" >\n\t\t\t\t\t<span class=\"qodef-m-title-text\">YOUTUBE SEO H\u0130ZMETLER\u0130<\/span>\n\t\t\t<\/h4>\n\t\t\t<p class=\"qodef-m-text\" >YouTube videolar\u0131n\u0131z\u0131n organik g\u00f6r\u00fcn\u00fcrl\u00fc\u011f\u00fcn\u00fc art\u0131rmak i\u00e7in kapsaml\u0131 SEO hizmetleri sunuyoruz. Uzman SEO ekiplerimiz, i\u00e7eriklerinizi optimize ederek hedef kitlenizin arama sonu\u00e7lar\u0131nda sizi bulmas\u0131n\u0131 sa\u011flar. Do\u011fru anahtar kelime stratejileri, meta veriler ve i\u00e7erik planlamas\u0131yla YouTube kanal\u0131n\u0131z\u0131n performans\u0131n\u0131 en \u00fcst d\u00fczeye \u00e7\u0131kar\u0131yoruz.<\/p>\n\t<\/div>\n<\/div>[vc_empty_space height=&#8221;67px&#8221;][\/vc_column_inner][vc_column_inner width=&#8221;1\/2&#8243; offset=&#8221;vc_col-lg-3 vc_col-md-6&#8243;]<div class=\"qodef-shortcode qodef-m  qodef-icon-with-text qodef-layout--top qodef--custom-icon qodef--icon-animation qodef--loading-animation qodef-alignment--center\">\n\t<div class=\"qodef-m-icon-wrapper\">\n\t\t\t\t\t<img loading=\"lazy\" decoding=\"async\" width=\"107\" height=\"101\" src=\"https:\/\/www.888ajans.com\/wp-content\/uploads\/2018\/11\/h1-custom-icon-3.png\" class=\"attachment-full size-full\" alt=\";\" \/>\t\t<\/div>\n\t<div class=\"qodef-m-content\">\n\t\t\t<h4 class=\"qodef-m-title\" >\n\t\t\t\t\t<span class=\"qodef-m-title-text\">YOUTUBE REKLAM H\u0130ZMET\u0130<\/span>\n\t\t\t<\/h4>\n\t\t\t<p class=\"qodef-m-text\" >Hizmetlerinizin yada bilirli\u011finizin YouTube \u00fczerindeki etkisini art\u0131rmak i\u00e7in stratejik reklam \u00e7\u00f6z\u00fcmleri sunuyoruz. Hedef kitlenize ula\u015fman\u0131z\u0131 sa\u011flayacak optimize edilmi\u015f reklam kampanyalar\u0131 ile marka bilinirli\u011finizi art\u0131r\u0131rken, b\u00fct\u00e7enizi en verimli \u015fekilde kullanman\u0131z\u0131 sa\u011fl\u0131yoruz. Profesyonel reklam y\u00f6netimimizle, videolar\u0131n\u0131z\u0131n do\u011fru kitlelere ula\u015fmas\u0131n\u0131 ve y\u00fcksek d\u00f6n\u00fc\u015f\u00fcm oranlar\u0131 elde etmenizi garanti ediyoruz.<\/p>\n\t<\/div>\n<\/div>[vc_empty_space height=&#8221;67px&#8221;][\/vc_column_inner][vc_column_inner width=&#8221;1\/2&#8243; offset=&#8221;vc_col-lg-3 vc_col-md-6&#8243;]<div class=\"qodef-shortcode qodef-m  qodef-icon-with-text qodef-layout--top qodef--custom-icon qodef--icon-animation qodef--loading-animation qodef-alignment--center\">\n\t<div class=\"qodef-m-icon-wrapper\">\n\t\t\t\t\t<img loading=\"lazy\" decoding=\"async\" width=\"95\" height=\"101\" src=\"https:\/\/www.888ajans.com\/wp-content\/uploads\/2018\/11\/h1-custom-icon-4.png\" class=\"attachment-full size-full\" alt=\"s\" \/>\t\t<\/div>\n\t<div class=\"qodef-m-content\">\n\t\t\t<h4 class=\"qodef-m-title\" >\n\t\t\t\t\t<span class=\"qodef-m-title-text\">YOUTUBE KANAL RAPORU<\/span>\n\t\t\t<\/h4>\n\t\t\t<p class=\"qodef-m-text\" >YouTube kanal\u0131n\u0131z\u0131n performans\u0131n\u0131 detayl\u0131 analizlerle de\u011ferlendiren kapsaml\u0131 raporlama hizmetleri sunuyoruz. Kanal\u0131n\u0131z\u0131n b\u00fcy\u00fcme oranlar\u0131, izlenme s\u00fcreleri, demografik veriler ve etkile\u015fim oranlar\u0131 gibi kritik performans g\u00f6stergeleri (KPI&#039;lar) \u00fczerinden haz\u0131rlanan raporlar\u0131m\u0131z, i\u00e7erik stratejinizi optimize etmenize yard\u0131mc\u0131 olur. Bu analizlerle hedef kitlenizi daha iyi tan\u0131yabilir, i\u00e7eriklerinizi ve reklam stratejilerinizi veriye dayal\u0131 kararlarla \u015fekillendirebilirsiniz.<\/p>\n\t<\/div>\n<\/div>[vc_empty_space height=&#8221;67px&#8221;][\/vc_column_inner][\/vc_row_inner][\/vc_column][\/vc_row][vc_row content_placement=&#8221;top&#8221;][vc_column][vc_row_inner row_content_width=&#8221;grid&#8221;][vc_column_inner css=&#8221;.vc_custom_1543592030879{padding-top: 95px !important;padding-bottom: 130px !important;}&#8221; offset=&#8221;vc_col-lg-6 vc_col-md-10&#8243; column_responsive_padding_1024=&#8221;95px 15px 0&#8243; column_responsive_padding_768=&#8221;95px 15px 0&#8243; column_responsive_padding_680=&#8221;95px 15px 0&#8243;][vc_single_image image=&#8221;4120&#8243; img_size=&#8221;full&#8221; el_class=&#8221;qodef-from-left&#8221;][\/vc_column_inner][vc_column_inner css=&#8221;.vc_custom_1543592064725{padding-top: 94px !important;padding-left: 62px !important;}&#8221; offset=&#8221;vc_col-lg-6 vc_col-md-10&#8243; column_responsive_padding_1024=&#8221;72px 15px 130px&#8221; column_responsive_padding_768=&#8221;72px 15px 130px&#8221; column_responsive_padding_680=&#8221;72px 15px 130px&#8221;]<div class=\"qodef-shortcode qodef-m  qodef-progress-bar qodef-layout--line\" data-layout=\"line\" data-active-line-color=\"#000\" data-active-line-width=\"4\" data-inactive-line-color=\"#ffffff\" data-inactive-line-width=\"4\" data-text-color=\"#000\" data-number=\"95\" data-rand-number=\"911\" >\n\t<div class=\"qodef-m-inner\">\n\t\t            <h5 class=\"qodef-m-title\" >\n                Youtube SEO            <\/h5>\n                <div class=\"qodef-m-canvas\" id=\"qodef-m-canvas-911\"><\/div>\n\t\t\t\t\t<\/div>\n<\/div>[vc_empty_space height=&#8221;41px&#8221;]<div class=\"qodef-shortcode qodef-m  qodef-progress-bar qodef-layout--line\" data-layout=\"line\" data-active-line-color=\"#000\" data-active-line-width=\"4\" data-inactive-line-color=\"#ffffff\" data-inactive-line-width=\"4\" data-text-color=\"#000\" data-number=\"99\" data-rand-number=\"375\" >\n\t<div class=\"qodef-m-inner\">\n\t\t            <h5 class=\"qodef-m-title\" >\n                Youtube \u0130\u00e7erik Planlama            <\/h5>\n                <div class=\"qodef-m-canvas\" id=\"qodef-m-canvas-375\"><\/div>\n\t\t\t\t\t<\/div>\n<\/div>[vc_empty_space height=&#8221;41px&#8221;]<div class=\"qodef-shortcode qodef-m  qodef-progress-bar qodef-layout--line\" data-layout=\"line\" data-active-line-color=\"#000\" data-active-line-width=\"4\" data-inactive-line-color=\"#ffffff\" data-inactive-line-width=\"4\" data-text-color=\"#000\" data-number=\"80\" data-rand-number=\"237\" >\n\t<div class=\"qodef-m-inner\">\n\t\t            <h5 class=\"qodef-m-title\" >\n                Youtube Reklam Y\u00f6netimi            <\/h5>\n                <div class=\"qodef-m-canvas\" id=\"qodef-m-canvas-237\"><\/div>\n\t\t\t\t\t<\/div>\n<\/div>[vc_empty_space height=&#8221;41px&#8221;]<div class=\"qodef-shortcode qodef-m  qodef-progress-bar qodef-layout--line\" data-layout=\"line\" data-active-line-color=\"#000\" data-active-line-width=\"4\" data-inactive-line-color=\"#ffffff\" data-inactive-line-width=\"4\" data-text-color=\"#000\" data-number=\"90\" data-rand-number=\"792\" >\n\t<div class=\"qodef-m-inner\">\n\t\t            <h5 class=\"qodef-m-title\" >\n                Youtube Kanal Raporu            <\/h5>\n                <div class=\"qodef-m-canvas\" id=\"qodef-m-canvas-792\"><\/div>\n\t\t\t\t\t<\/div>\n<\/div>[\/vc_column_inner][\/vc_row_inner][\/vc_column][\/vc_row]<\/p>\n<\/section>","protected":false},"excerpt":{"rendered":"<p>[vc_row][vc_column][\/vc_column][\/vc_row][vc_row][vc_column][vc_row_inner row_content_width=&#8221;grid&#8221;][vc_column_inner css=&#8221;.vc_custom_1543592232478{padding-top: 170px !important;}&#8221; offset=&#8221;vc_col-lg-5 vc_col-md-10&#8243; column_responsive_padding_1024=&#8221;130px 15px 0&#8243; column_responsive_padding_768=&#8221;130px 15px 0&#8243; column_responsive_padding_680=&#8221;130px 15px 0&#8243;][\/vc_column_inner][vc_column_inner css=&#8221;.vc_custom_1543592165066{padding-top: 130px !important;padding-bottom: 110px !important;}&#8221; offset=&#8221;vc_col-lg-7 vc_col-md-10&#8243; column_responsive_padding_1024=&#8221;70px 15px 110px&#8221; column_responsive_padding_768=&#8221;70px 15px 110px&#8221; column_responsive_padding_680=&#8221;70px 15px 120px&#8221;][vc_single_image image=&#8221;4118&#8243; img_size=&#8221;full&#8221; el_class=&#8221;qodef-from-right&#8221;][\/vc_column_inner][\/vc_row_inner][\/vc_column][\/vc_row][vc_row css=&#8221;.vc_custom_1543835402783{padding-top: 95px !important;padding-bottom: 55px !important;background-color: #f5f5f5 !important;}&#8221;][vc_column][vc_row_inner row_content_width=&#8221;grid&#8221;][vc_column_inner width=&#8221;1\/2&#8243; offset=&#8221;vc_col-lg-3 vc_col-md-6&#8243;][vc_empty_space height=&#8221;67px&#8221;][\/vc_column_inner][vc_column_inner width=&#8221;1\/2&#8243; offset=&#8221;vc_col-lg-3 vc_col-md-6&#8243;][vc_empty_space height=&#8221;67px&#8221;][\/vc_column_inner][vc_column_inner width=&#8221;1\/2&#8243; offset=&#8221;vc_col-lg-3 vc_col-md-6&#8243;][vc_empty_space height=&#8221;67px&#8221;][\/vc_column_inner][vc_column_inner [&hellip;]<\/p>\n","protected":false},"author":1,"featured_media":0,"parent":0,"menu_order":0,"comment_status":"closed","ping_status":"closed","template":"page-full-width.php","meta":{"footnotes":""},"class_list":["post-1058","page","type-page","status-publish","hentry"],"_links":{"self":[{"href":"https:\/\/www.888ajans.com\/index.php\/wp-json\/wp\/v2\/pages\/1058"}],"collection":[{"href":"https:\/\/www.888ajans.com\/index.php\/wp-json\/wp\/v2\/pages"}],"about":[{"href":"https:\/\/www.888ajans.com\/index.php\/wp-json\/wp\/v2\/types\/page"}],"author":[{"embeddable":true,"href":"https:\/\/www.888ajans.com\/index.php\/wp-json\/wp\/v2\/users\/1"}],"replies":[{"embeddable":true,"href":"https:\/\/www.888ajans.com\/index.php\/wp-json\/wp\/v2\/comments?post=1058"}],"version-history":[{"count":31,"href":"https:\/\/www.888ajans.com\/index.php\/wp-json\/wp\/v2\/pages\/1058\/revisions"}],"predecessor-version":[{"id":4110,"href":"https:\/\/www.888ajans.com\/index.php\/wp-json\/wp\/v2\/pages\/1058\/revisions\/4110"}],"wp:attachment":[{"href":"https:\/\/www.888ajans.com\/index.php\/wp-json\/wp\/v2\/media?parent=1058"}],"curies":[{"name":"wp","href":"https:\/\/api.w.org\/{rel}","templated":true}]}}