{"id":1090,"date":"2018-11-19T09:52:34","date_gmt":"2018-11-19T09:52:34","guid":{"rendered":"https:\/\/boldlab.qodeinteractive.com\/?page_id=1090"},"modified":"2026-01-21T11:49:45","modified_gmt":"2026-01-21T11:49:45","slug":"our-process","status":"publish","type":"page","link":"https:\/\/www.888ajans.com\/index.php\/our-process\/","title":{"rendered":"Sosyal Medya Youtube \u00c7ekimi_"},"content":{"rendered":"<section class=\"wpb-content-wrapper\"><p>[vc_row row_content_width=&#8221;grid&#8221; css=&#8221;.vc_custom_1542374370760{padding-top: 117px !important;padding-bottom: 130px !important;}&#8221;][vc_column offset=&#8221;vc_col-md-6&#8243; css=&#8221;.vc_custom_1543332013710{padding-bottom: 0px !important;}&#8221; column_responsive_padding_1024=&#8221;2px 15px 0px&#8221; column_responsive_padding_768=&#8221;2px 15px 0px&#8221; column_responsive_padding_680=&#8221;3px 15px 0px&#8221;]<div class=\"qodef-shortcode qodef-m  qodef-section-title qodef-alignment--left \">\n\t\t<h2 class=\"qodef-m-title\" >\n\t\t\t\t\tYoutube \u00c7ekimi<br \/>\t\t\t<\/h2>\n\t\t<p class=\"qodef-m-text\" >YouTube kanal y\u00f6netimi hizmetlerimizle dijital d\u00fcnyada fark yarat\u0131n! 888Ajans olarak, kanal\u0131n\u0131z i\u00e7in profesyonel video \u00e7ekimleri ger\u00e7ekle\u015ftiriyor, i\u00e7eriklerinizi SEO tabanl\u0131 stratejilerle planlayarak en etkili \u015fekilde hedef kitlenize ula\u015ft\u0131r\u0131yoruz.<\/p>\n<p>Hizmetlerimiz aras\u0131nda YouTube videolar\u0131ndan haz\u0131rlanm\u0131\u015f k\u0131sa Instagram story ve reels videolar\u0131 da bulunmaktad\u0131r. T\u00fcm i\u00e7erikleriniz, uzman ekiplerimiz taraf\u0131ndan Amerika\u2019daki YouTube ofisimizde d\u00fczenlenir ve y\u00fckleme i\u015flemi yine Amerika \u00fczerinden ger\u00e7ekle\u015ftirilir.<\/p>\n<p>Y\u0131ll\u0131k anla\u015fma \u00e7er\u00e7evesinde toplam 55 video ve 5 bonus video \u00e7ekimi hizmetimizden faydalanabilirsiniz. 888Ajans ile i\u00e7eriklerinizin kalitesini y\u00fckseltin, markan\u0131z\u0131 bir ad\u0131m \u00f6ne ta\u015f\u0131y\u0131n.<br \/>\nFiyat Teklifi \u0130\u00e7in : 0532 446 04 64 - emg@888ajans.com<\/p>\n<\/div>[\/vc_column][vc_column width=&#8221;1\/12&#8243; offset=&#8221;vc_hidden-md vc_hidden-sm vc_hidden-xs&#8221;][\/vc_column][vc_column offset=&#8221;vc_col-lg-5 vc_col-md-6&#8243; css=&#8221;.vc_custom_1542374512341{padding-top: 9px !important;}&#8221; column_responsive_padding_768=&#8221;63px 15px 0px&#8221; column_responsive_padding_680=&#8221;63px 15px 0px&#8221;]<div class=\"qodef-shortcode qodef-m  qodef-progress-bar qodef-layout--line\" data-layout=\"line\" data-active-line-color=\"#000\" data-active-line-width=\"4\" data-inactive-line-color=\"#ffffff\" data-inactive-line-width=\"4\" data-text-color=\"#000\" data-number=\"95\" data-rand-number=\"506\" >\n\t<div class=\"qodef-m-inner\">\n\t\t            <h5 class=\"qodef-m-title\" >\n                YOUTUBE SEO            <\/h5>\n                <div class=\"qodef-m-canvas\" id=\"qodef-m-canvas-506\"><\/div>\n\t\t\t\t\t<\/div>\n<\/div>[vc_empty_space height=&#8221;41px&#8221;]<div class=\"qodef-shortcode qodef-m  qodef-progress-bar qodef-layout--line\" data-layout=\"line\" data-active-line-color=\"#000\" data-active-line-width=\"4\" data-inactive-line-color=\"#ffffff\" data-inactive-line-width=\"4\" data-text-color=\"#000\" data-number=\"99\" data-rand-number=\"266\" >\n\t<div class=\"qodef-m-inner\">\n\t\t            <h5 class=\"qodef-m-title\" >\n                YOUTUBE \u0130\u00c7ER\u0130K Y\u00d6NET\u0130M\u0130            <\/h5>\n                <div class=\"qodef-m-canvas\" id=\"qodef-m-canvas-266\"><\/div>\n\t\t\t\t\t<\/div>\n<\/div>[vc_empty_space height=&#8221;41px&#8221;]<div class=\"qodef-shortcode qodef-m  qodef-progress-bar qodef-layout--line\" data-layout=\"line\" data-active-line-color=\"#000\" data-active-line-width=\"4\" data-inactive-line-color=\"#ffffff\" data-inactive-line-width=\"4\" data-text-color=\"#000\" data-number=\"80\" data-rand-number=\"550\" >\n\t<div class=\"qodef-m-inner\">\n\t\t            <h5 class=\"qodef-m-title\" >\n                YOUTUBE REKLAM Y\u00d6NET\u0130M\u0130            <\/h5>\n                <div class=\"qodef-m-canvas\" id=\"qodef-m-canvas-550\"><\/div>\n\t\t\t\t\t<\/div>\n<\/div>[vc_empty_space height=&#8221;41px&#8221;]<div class=\"qodef-shortcode qodef-m  qodef-progress-bar qodef-layout--line\" data-layout=\"line\" data-active-line-color=\"#000\" data-active-line-width=\"4\" data-inactive-line-color=\"#ffffff\" data-inactive-line-width=\"4\" data-text-color=\"#000\" data-number=\"90\" data-rand-number=\"445\" >\n\t<div class=\"qodef-m-inner\">\n\t\t            <h5 class=\"qodef-m-title\" >\n                YOUTUBE KANAL RAPORU            <\/h5>\n                <div class=\"qodef-m-canvas\" id=\"qodef-m-canvas-445\"><\/div>\n\t\t\t\t\t<\/div>\n<\/div>[\/vc_column][\/vc_row][vc_row equal_height=&#8221;yes&#8221; content_placement=&#8221;middle&#8221; css=&#8221;.vc_custom_1543924347219{padding-right: 15px !important;padding-left: 15px !important;}&#8221;][vc_column css=&#8221;.vc_custom_1543923348841{padding-top: 0px !important;background-color: #f5f5f5 !important;}&#8221; offset=&#8221;vc_col-lg-4&#8243;][vc_row_inner equal_height=&#8221;yes&#8221; content_placement=&#8221;middle&#8221;][vc_column_inner width=&#8221;1\/2&#8243; css=&#8221;.vc_custom_1544000854952{padding-top: 164px !important;padding-right: 21% !important;padding-bottom: 170px !important;padding-left: 21% !important;}&#8221; offset=&#8221;vc_col-lg-12&#8243; column_responsive_padding_1440=&#8221;164px 60px 170px&#8221; column_responsive_padding_1366=&#8221;164px 48px 170px&#8221; column_responsive_padding_1280=&#8221;164px 35px 170px&#8221; column_responsive_padding_1024=&#8221;64px 75px 70px&#8221; column_responsive_padding_768=&#8221;64px 50px 70px&#8221; column_responsive_padding_680=&#8221;164px 25px 170px 30px&#8221;]<div class=\"qodef-shortcode qodef-m  qodef-info-section qodef-layout--background-text  qodef--with-animation qodef-background-text-pos--center\" data-delay=\"100\">\n\t<div class=\"qodef-m-background-text\">\n\t\t\t<span class=\"qodef-m-background-text-text\"  >A<\/span>\n\t<\/div>\n\t<div class=\"qodef-m-info\">\n\t\t\t<h3 class=\"qodef-m-title\" >\n\t\tPROFESYONEL YOUTUBE H\u0130ZMETLER\u0130<br \/>\t<\/h3>\n\t\t    <p class=\"qodef-m-text\" >2024 y\u0131l\u0131n\u0131n \u015eubat ay\u0131 itibar\u0131yla, yaln\u0131zca doktor ve diyetisyenlere y\u00f6nelik profesyonel YouTube i\u00e7erik hizmeti sunmaya ba\u015flayan ajans\u0131m\u0131z, bu alanda T\u00fcrkiye\u2019nin \u00f6nde gelen firmalar\u0131 aras\u0131nda yer almaktad\u0131r. \u00c7ekim yap\u0131lan t\u00fcm videolar, profesyonel ekiplerimiz taraf\u0131ndan Amerika\u2019n\u0131n Los Angeles \u015fehrindeki ofisimizde detayl\u0131 d\u00fczenlemelerden ge\u00e7irilerek yay\u0131nlanmaktad\u0131r.<\/p>\n\t\t\t<div class=\"qodef-m-button\">\n\t\t<a class=\"qodef-shortcode qodef-m  qodef-button qodef-layout--textual \" href=\"\" target=\"_self\"  >\t<span class=\"qodef-m-text\">Devam\u0131n\u0131 oku _<\/span><\/a>\t<\/div>\n\t<\/div>\n<\/div>[\/vc_column_inner][\/vc_row_inner][\/vc_column][vc_column css=&#8221;.vc_custom_1543923354690{padding-top: 0px !important;background-color: #f5f5f5 !important;}&#8221; offset=&#8221;vc_col-lg-4&#8243;][vc_row_inner equal_height=&#8221;yes&#8221; content_placement=&#8221;middle&#8221;][vc_column_inner width=&#8221;1\/2&#8243; offset=&#8221;vc_col-lg-12&#8243; css=&#8221;.vc_custom_1724755735628{padding-top: 250px !important;padding-right: 0px !important;padding-bottom: 250px !important;padding-left: 0px !important;background-image: url(https:\/\/www.888ajans.com\/wp-content\/uploads\/2024\/07\/888Ajans_ne-yapiyoruz-3.png?id=4007) !important;background-position: center !important;background-repeat: no-repeat !important;background-size: cover !important;}&#8221;][\/vc_column_inner][\/vc_row_inner][\/vc_column][vc_column css=&#8221;.vc_custom_1543923363743{padding-top: 0px !important;background-color: #f5f5f5 !important;}&#8221; offset=&#8221;vc_col-lg-4&#8243;][vc_row_inner equal_height=&#8221;yes&#8221; content_placement=&#8221;middle&#8221;][vc_column_inner width=&#8221;1\/2&#8243; css=&#8221;.vc_custom_1543927168852{padding-top: 164px !important;padding-right: 21% !important;padding-bottom: 170px !important;padding-left: 21% !important;}&#8221; offset=&#8221;vc_col-lg-12&#8243; column_responsive_padding_1440=&#8221;164px 60px 170px&#8221; column_responsive_padding_1366=&#8221;164px 48px 170px&#8221; column_responsive_padding_1280=&#8221;164px 35px 170px&#8221; column_responsive_padding_1024=&#8221;64px 75px 70px&#8221; column_responsive_padding_768=&#8221;64px 50px 70px&#8221; column_responsive_padding_680=&#8221;164px 25px 170px 30px&#8221;]<div class=\"qodef-shortcode qodef-m  qodef-info-section qodef-layout--background-text  qodef--with-animation qodef-background-text-pos--center\" data-delay=\"300\">\n\t<div class=\"qodef-m-background-text\">\n\t\t\t<span class=\"qodef-m-background-text-text\"  >C<\/span>\n\t<\/div>\n\t<div class=\"qodef-m-info\">\n\t\t\t<h3 class=\"qodef-m-title\" >\n\t\tSEO DESTEKL\u0130 \u0130\u00c7ER\u0130K<br \/> PLANLAMASI\t<\/h3>\n\t\t    <p class=\"qodef-m-text\" >Ajans\u0131m\u0131zda, \u00e7ekim s\u00fcre\u00e7lerine ba\u015flamadan \u00f6nce her i\u00e7erik i\u00e7in detayl\u0131 bir planlama yap\u0131l\u0131r. Google\u2019\u0131n uzman SEO ekiplerinin katk\u0131lar\u0131yla belirlenen konu ba\u015fl\u0131klar\u0131 ve i\u00e7erik \u00f6nerileri, hedef kitlenizin dikkatini \u00e7ekecek \u015fekilde optimize edilir ve takvimlendirilir. Bu sayede hem markan\u0131z\u0131n bilinirli\u011fini art\u0131r\u0131yor hem de dijital d\u00fcnyada etkin bir varl\u0131k olu\u015fturuyoruz.<\/p>\n\t\t\t<div class=\"qodef-m-button\">\n\t\t<a class=\"qodef-shortcode qodef-m  qodef-button qodef-layout--textual \" href=\"https:\/\/boldlab.qodeinteractive.com\/contact-us\/\" target=\"_self\"  >\t<span class=\"qodef-m-text\">Read More _<\/span><\/a>\t<\/div>\n\t<\/div>\n<\/div>[\/vc_column_inner][\/vc_row_inner][\/vc_column][\/vc_row]<\/p>\n<\/section>","protected":false},"excerpt":{"rendered":"<p>[vc_row row_content_width=&#8221;grid&#8221; css=&#8221;.vc_custom_1542374370760{padding-top: 117px !important;padding-bottom: 130px !important;}&#8221;][vc_column offset=&#8221;vc_col-md-6&#8243; css=&#8221;.vc_custom_1543332013710{padding-bottom: 0px !important;}&#8221; column_responsive_padding_1024=&#8221;2px 15px 0px&#8221; column_responsive_padding_768=&#8221;2px 15px 0px&#8221; column_responsive_padding_680=&#8221;3px 15px 0px&#8221;][\/vc_column][vc_column width=&#8221;1\/12&#8243; offset=&#8221;vc_hidden-md vc_hidden-sm vc_hidden-xs&#8221;][\/vc_column][vc_column offset=&#8221;vc_col-lg-5 vc_col-md-6&#8243; css=&#8221;.vc_custom_1542374512341{padding-top: 9px !important;}&#8221; column_responsive_padding_768=&#8221;63px 15px 0px&#8221; column_responsive_padding_680=&#8221;63px 15px 0px&#8221;][vc_empty_space height=&#8221;41px&#8221;][vc_empty_space height=&#8221;41px&#8221;][vc_empty_space height=&#8221;41px&#8221;][\/vc_column][\/vc_row][vc_row equal_height=&#8221;yes&#8221; content_placement=&#8221;middle&#8221; css=&#8221;.vc_custom_1543924347219{padding-right: 15px !important;padding-left: 15px !important;}&#8221;][vc_column css=&#8221;.vc_custom_1543923348841{padding-top: 0px !important;background-color: #f5f5f5 !important;}&#8221; offset=&#8221;vc_col-lg-4&#8243;][vc_row_inner equal_height=&#8221;yes&#8221; content_placement=&#8221;middle&#8221;][vc_column_inner width=&#8221;1\/2&#8243; css=&#8221;.vc_custom_1544000854952{padding-top: [&hellip;]<\/p>\n","protected":false},"author":1,"featured_media":0,"parent":0,"menu_order":0,"comment_status":"closed","ping_status":"closed","template":"page-full-width.php","meta":{"footnotes":""},"class_list":["post-1090","page","type-page","status-publish","hentry"],"_links":{"self":[{"href":"https:\/\/www.888ajans.com\/index.php\/wp-json\/wp\/v2\/pages\/1090"}],"collection":[{"href":"https:\/\/www.888ajans.com\/index.php\/wp-json\/wp\/v2\/pages"}],"about":[{"href":"https:\/\/www.888ajans.com\/index.php\/wp-json\/wp\/v2\/types\/page"}],"author":[{"embeddable":true,"href":"https:\/\/www.888ajans.com\/index.php\/wp-json\/wp\/v2\/users\/1"}],"replies":[{"embeddable":true,"href":"https:\/\/www.888ajans.com\/index.php\/wp-json\/wp\/v2\/comments?post=1090"}],"version-history":[{"count":26,"href":"https:\/\/www.888ajans.com\/index.php\/wp-json\/wp\/v2\/pages\/1090\/revisions"}],"predecessor-version":[{"id":4322,"href":"https:\/\/www.888ajans.com\/index.php\/wp-json\/wp\/v2\/pages\/1090\/revisions\/4322"}],"wp:attachment":[{"href":"https:\/\/www.888ajans.com\/index.php\/wp-json\/wp\/v2\/media?parent=1090"}],"curies":[{"name":"wp","href":"https:\/\/api.w.org\/{rel}","templated":true}]}}