{"id":2,"date":"2024-07-08T15:47:38","date_gmt":"2024-07-08T15:47:38","guid":{"rendered":"http:\/\/www.888ajans.com\/?page_id=2"},"modified":"2025-03-31T15:30:40","modified_gmt":"2025-03-31T15:30:40","slug":"sample-page","status":"publish","type":"page","link":"https:\/\/www.888ajans.com\/index.php\/sample-page\/","title":{"rendered":"Doktorlara \u00d6zel Web Sitesi Tasar\u0131m\u0131"},"content":{"rendered":"\n<p><strong>888 Ajans olarak<\/strong> sa\u011fl\u0131k sekt\u00f6r\u00fcne \u00f6zel \u00e7\u00f6z\u00fcmler sunuyor, <strong>doktorlara ve kliniklere \u00f6zel web siteleri<\/strong> tasarl\u0131yoruz. Hasta g\u00fcvenini kazanmak, profesyonel bir imaj olu\u015fturmak ve dijital d\u00fcnyada g\u00f6r\u00fcn\u00fcr olmak isteyen doktorlar i\u00e7in modern, kullan\u0131c\u0131 dostu ve mobil uyumlu web siteleri haz\u0131rl\u0131yoruz.<\/p>\n\n\n\n<h4 class=\"wp-block-heading\">Sundu\u011fumuz \u00d6zellikler:<\/h4>\n\n\n\n<ul class=\"wp-block-list\">\n<li>\u2705 <strong>Ki\u015fiye \u00f6zel tasar\u0131m:<\/strong> Uzmanl\u0131k alan\u0131n\u0131za ve tarz\u0131n\u0131za uygun \u00f6zel tasar\u0131mlar.<\/li>\n\n\n\n<li>\u2705 <strong>Mobil uyumlu aray\u00fcz:<\/strong> T\u00fcm cihazlarda kusursuz g\u00f6r\u00fcnt\u00fcleme.<\/li>\n\n\n\n<li>\u2705 <strong>Online randevu sistemi:<\/strong> Kolay randevu takibi ve hasta ileti\u015fimi.<\/li>\n\n\n\n<li>\u2705 <strong>SEO uyumlu i\u00e7erik:<\/strong> Google\u2019da g\u00f6r\u00fcn\u00fcrl\u00fc\u011f\u00fcn\u00fcz\u00fc art\u0131racak altyap\u0131.<\/li>\n\n\n\n<li>\u2705 <strong>Blog &amp; makale b\u00f6l\u00fcm\u00fc:<\/strong> Alan\u0131n\u0131zdaki bilgi ve tecr\u00fcbeleri payla\u015fma imk\u00e2n\u0131.<\/li>\n\n\n\n<li>\u2705 <strong>Foto\u011fraf &amp; video entegrasyonu:<\/strong> Tan\u0131t\u0131m filmleri, hasta yorumlar\u0131 ve operasyon \u00f6ncesi-sonras\u0131 i\u00e7erikleri.<\/li>\n<\/ul>\n\n\n\n<h4 class=\"wp-block-heading\">Neden 888 Ajans?<\/h4>\n\n\n\n<p>Amerika ve T\u00fcrkiye ofisleriyle uluslararas\u0131 deneyime sahip olan 888 Creative, sa\u011fl\u0131k sekt\u00f6r\u00fcnde dijital ba\u015far\u0131y\u0131 hedefleyen doktorlar i\u00e7in stratejik \u00e7\u00f6z\u00fcmler sunar. Tasar\u0131m s\u00fcrecinden i\u00e7eri\u011fe, SEO\u2019dan sosyal medya entegrasyonuna kadar <strong>u\u00e7tan uca hizmet<\/strong> veririz.<\/p>\n\n\n\n<p><strong>\u00d6rnek \u00c7al\u0131\u015fma : Op. Dr. Zehra Karaa\u011fa\u00e7 &#8211; D\u00fcnya G\u00f6z Hastanesi<\/strong><\/p>\n\n\n\n<figure class=\"wp-block-image size-large\"><img loading=\"lazy\" decoding=\"async\" width=\"1024\" height=\"404\" src=\"https:\/\/www.888ajans.com\/wp-content\/uploads\/2025\/03\/image-2-1024x404.png\" alt=\"\" class=\"wp-image-4306\" srcset=\"https:\/\/www.888ajans.com\/wp-content\/uploads\/2025\/03\/image-2-1024x404.png 1024w, https:\/\/www.888ajans.com\/wp-content\/uploads\/2025\/03\/image-2-300x118.png 300w, https:\/\/www.888ajans.com\/wp-content\/uploads\/2025\/03\/image-2-768x303.png 768w, https:\/\/www.888ajans.com\/wp-content\/uploads\/2025\/03\/image-2.png 1501w\" sizes=\"(max-width: 1024px) 100vw, 1024px\" \/><\/figure>\n\n\n\n<p><a href=\"http:\/\/zehrakaraagac.com\" target=\"_blank\" rel=\"noreferrer noopener\">www.zehrakaraagac.com<\/a><\/p>\n\n\n\n<p><\/p>\n","protected":false},"excerpt":{"rendered":"<p>888 Ajans olarak sa\u011fl\u0131k sekt\u00f6r\u00fcne \u00f6zel \u00e7\u00f6z\u00fcmler sunuyor, doktorlara ve kliniklere \u00f6zel web siteleri tasarl\u0131yoruz. Hasta g\u00fcvenini kazanmak, profesyonel bir imaj olu\u015fturmak ve dijital d\u00fcnyada g\u00f6r\u00fcn\u00fcr olmak isteyen doktorlar i\u00e7in modern, kullan\u0131c\u0131 dostu ve mobil uyumlu web siteleri haz\u0131rl\u0131yoruz. Sundu\u011fumuz \u00d6zellikler: Neden 888 Ajans? Amerika ve T\u00fcrkiye ofisleriyle uluslararas\u0131 deneyime sahip olan 888 Creative, sa\u011fl\u0131k [&hellip;]<\/p>\n","protected":false},"author":1,"featured_media":0,"parent":0,"menu_order":0,"comment_status":"closed","ping_status":"open","template":"","meta":{"footnotes":""},"class_list":["post-2","page","type-page","status-publish","hentry"],"_links":{"self":[{"href":"https:\/\/www.888ajans.com\/index.php\/wp-json\/wp\/v2\/pages\/2"}],"collection":[{"href":"https:\/\/www.888ajans.com\/index.php\/wp-json\/wp\/v2\/pages"}],"about":[{"href":"https:\/\/www.888ajans.com\/index.php\/wp-json\/wp\/v2\/types\/page"}],"author":[{"embeddable":true,"href":"https:\/\/www.888ajans.com\/index.php\/wp-json\/wp\/v2\/users\/1"}],"replies":[{"embeddable":true,"href":"https:\/\/www.888ajans.com\/index.php\/wp-json\/wp\/v2\/comments?post=2"}],"version-history":[{"count":14,"href":"https:\/\/www.888ajans.com\/index.php\/wp-json\/wp\/v2\/pages\/2\/revisions"}],"predecessor-version":[{"id":4308,"href":"https:\/\/www.888ajans.com\/index.php\/wp-json\/wp\/v2\/pages\/2\/revisions\/4308"}],"wp:attachment":[{"href":"https:\/\/www.888ajans.com\/index.php\/wp-json\/wp\/v2\/media?parent=2"}],"curies":[{"name":"wp","href":"https:\/\/api.w.org\/{rel}","templated":true}]}}