{"id":837,"date":"2018-11-16T12:14:42","date_gmt":"2018-11-16T12:14:42","guid":{"rendered":"https:\/\/boldlab.qodeinteractive.com\/?page_id=837"},"modified":"2024-07-23T12:32:05","modified_gmt":"2024-07-23T12:32:05","slug":"about-us","status":"publish","type":"page","link":"https:\/\/www.888ajans.com\/index.php\/about-us\/","title":{"rendered":"Hakk\u0131m\u0131zda"},"content":{"rendered":"<section class=\"wpb-content-wrapper\"><p>[vc_row row_content_width=&#8221;grid&#8221; content_text_alignment=&#8221;center&#8221; css=&#8221;.vc_custom_1542799756460{padding-top: 88px !important;padding-bottom: 94px !important;}&#8221;][vc_column offset=&#8221;vc_col-lg-offset-1 vc_col-lg-10&#8243; css=&#8221;.vc_custom_1543220604489{padding-top: 0px !important;padding-bottom: 0px !important;}&#8221; column_responsive_padding_1024=&#8221;2px 15px&#8221; column_responsive_padding_768=&#8221;2px 15px&#8221; column_responsive_padding_680=&#8221;4px 15px&#8221;]<h1 class=\"qodef-shortcode qodef-m  qodef-highlight \" >\n\t\t\t<span class=\"qodef-highlight-text\">Sosyal Medya ve Youtube Y\u00f6netimi<\/span>\t<\/h1>[\/vc_column][\/vc_row][vc_row row_content_width=&#8221;grid&#8221;][vc_column][vc_single_image image=&#8221;3987&#8243; img_size=&#8221;full&#8221;][\/vc_column][\/vc_row][vc_row row_content_width=&#8221;grid&#8221; css=&#8221;.vc_custom_1542987559852{padding-top: 113px !important;padding-bottom: 85px !important;}&#8221;][vc_column css=&#8221;.vc_custom_1542988504222{padding-top: 0px !important;padding-bottom: 0px !important;}&#8221; offset=&#8221;vc_col-lg-4 vc_col-md-4&#8243; column_responsive_padding_768=&#8221;2px 15px 61px 15px&#8221; column_responsive_padding_680=&#8221;4px 15px 61px 15px&#8221; column_responsive_padding_1024=&#8221;2px 15px 0px&#8221;]<div class=\"qodef-shortcode qodef-m  qodef-section-title qodef-alignment--left \">\n\t\t<h1 class=\"qodef-m-title\" >\n\t\t\t\t\tNe Yap\u0131yoruz?\t\t\t<\/h1>\n\t<\/div>[\/vc_column][vc_column width=&#8221;1\/2&#8243; css=&#8221;.vc_custom_1543393778171{padding-top: 12px !important;}&#8221; offset=&#8221;vc_col-lg-4 vc_col-md-4&#8243; column_responsive_padding_680=&#8221;0 15px&#8221; column_responsive_padding_768=&#8221;0 15px&#8221;]<div class=\"qodef-shortcode qodef-m  qodef-info-section qodef-layout--background-text  qodef--with-animation qodef-background-text-pos--top-left\" >\n\t<div class=\"qodef-m-background-text\">\n\t\t\t<\/div>\n\t<div class=\"qodef-m-info\">\n\t\t\t<h4 class=\"qodef-m-title\" >\n\t\tYoutube \u00c7ekimleri<br \/>\t<\/h4>\n\t\t    <p class=\"qodef-m-text\" >Sa\u011fl\u0131k profesyonelleri i\u00e7in uzman YouTube \u00e7ekimleri. Doktor ve diyetisyen videolar\u0131n\u0131z, profesyonel dokunu\u015flarla 888ajans&#039;ta hayat buluyor.<\/p>\n\t\t\t<\/div>\n<\/div>[vc_empty_space height=&#8221;38px&#8221;]<div class=\"qodef-shortcode qodef-m  qodef-info-section qodef-layout--background-text  qodef--with-animation qodef-background-text-pos--top-left\" data-delay=\"200\">\n\t<div class=\"qodef-m-background-text\">\n\t\t\t<\/div>\n\t<div class=\"qodef-m-info\">\n\t\t\t<h4 class=\"qodef-m-title\" >\n\t\tYoutube<br \/> Seo ve Reklam\t<\/h4>\n\t\t    <p class=\"qodef-m-text\" >YouTube SEO ve reklam hizmetleriyle t\u00fcm sekt\u00f6rlere profesyonel destek. Videolar\u0131n\u0131z\u0131n g\u00f6r\u00fcn\u00fcrl\u00fc\u011f\u00fcn\u00fc art\u0131r\u0131n, hedef kitlenize ula\u015f\u0131n ve reklam stratejileriyle ba\u015far\u0131ya ula\u015f\u0131n.<\/p>\n\t\t\t<\/div>\n<\/div>[vc_empty_space height=&#8221;38px&#8221;]<div class=\"qodef-shortcode qodef-m  qodef-info-section qodef-layout--background-text  qodef--with-animation qodef-background-text-pos--top-left\" data-delay=\"400\">\n\t<div class=\"qodef-m-background-text\">\n\t\t\t<\/div>\n\t<div class=\"qodef-m-info\">\n\t\t\t<h4 class=\"qodef-m-title\" >\n\t\tE Ticaret<br \/> Web Sitesi Kurulumu\t<\/h4>\n\t\t    <p class=\"qodef-m-text\" >T\u00fcm sekt\u00f6rler i\u00e7in profesyonel e-ticaret web sitesi kurulumu. 888ajans, kullan\u0131c\u0131 dostu ve etkili online ma\u011fazalar ile i\u015finizi dijital d\u00fcnyada ba\u015far\u0131ya ta\u015f\u0131r.<\/p>\n\t\t\t<\/div>\n<\/div>[vc_empty_space height=&#8221;38px&#8221;][\/vc_column][vc_column width=&#8221;1\/2&#8243; css=&#8221;.vc_custom_1543393790764{padding-top: 12px !important;}&#8221; offset=&#8221;vc_col-lg-4 vc_col-md-4&#8243; column_responsive_padding_680=&#8221;0 15px&#8221; column_responsive_padding_768=&#8221;0 15px&#8221;]<div class=\"qodef-shortcode qodef-m  qodef-info-section qodef-layout--background-text  qodef--with-animation qodef-background-text-pos--top-left\" data-delay=\"100\">\n\t<div class=\"qodef-m-background-text\">\n\t\t\t<\/div>\n\t<div class=\"qodef-m-info\">\n\t\t\t<h4 class=\"qodef-m-title\" >\n\t\tSosyal<br \/> Medya Y\u00f6netimi\t<\/h4>\n\t\t    <p class=\"qodef-m-text\" >T\u00fcm sekt\u00f6rlere y\u00f6nelik sosyal medya y\u00f6netimi hizmetleri. 888ajans ile i\u00e7erik olu\u015fturma, etkile\u015fim art\u0131rma ve marka bilinirli\u011finizi g\u00fc\u00e7lendirme yolunda profesyonel destek al\u0131n.<\/p>\n\t\t\t<\/div>\n<\/div>[vc_empty_space height=&#8221;38px&#8221;]<div class=\"qodef-shortcode qodef-m  qodef-info-section qodef-layout--background-text  qodef--with-animation qodef-background-text-pos--top-left\" data-delay=\"300\">\n\t<div class=\"qodef-m-background-text\">\n\t\t\t<\/div>\n\t<div class=\"qodef-m-info\">\n\t\t\t<h4 class=\"qodef-m-title\" >\n\t\tDrone<br \/> \u00c7ekimleri\t<\/h4>\n\t\t    <p class=\"qodef-m-text\" >Profesyonel drone \u00e7ekimleri ile mekanlar\u0131n\u0131z\u0131 ve etkinliklerinizi havadan g\u00f6r\u00fcnt\u00fcleyin. 888ajans, her sekt\u00f6re uygun y\u00fcksek kaliteli ve etkileyici drone videolar\u0131 sunar.<\/p>\n\t\t\t<\/div>\n<\/div>[vc_empty_space height=&#8221;38px&#8221;]<div class=\"qodef-shortcode qodef-m  qodef-info-section qodef-layout--background-text  qodef--with-animation qodef-background-text-pos--top-left\" data-delay=\"500\">\n\t<div class=\"qodef-m-background-text\">\n\t\t\t<\/div>\n\t<div class=\"qodef-m-info\">\n\t\t\t<h4 class=\"qodef-m-title\" >\n\t\tPazar Yeri<br \/> Dan\u0131\u015fmanl\u0131\u011f\u0131\t<\/h4>\n\t\t    <p class=\"qodef-m-text\" >T\u00fcm sekt\u00f6rler i\u00e7in kapsaml\u0131 pazar yeri dan\u0131\u015fmanl\u0131\u011f\u0131 hizmeti. 888ajans ile pazar yerlerinde etkin stratejiler geli\u015ftirerek sat\u0131\u015flar\u0131n\u0131z\u0131 art\u0131r\u0131n ve i\u015finizi b\u00fcy\u00fct\u00fcn.<\/p>\n\t\t\t<\/div>\n<\/div>[vc_empty_space height=&#8221;38px&#8221;][\/vc_column][\/vc_row][vc_row css=&#8221;.vc_custom_1543835512900{background-color: #f5f5f5 !important;}&#8221;][vc_column css=&#8221;.vc_custom_1542372109404{padding-top: 0px !important;}&#8221;][\/vc_column][\/vc_row]<\/p>\n<\/section>","protected":false},"excerpt":{"rendered":"<p>[vc_row row_content_width=&#8221;grid&#8221; content_text_alignment=&#8221;center&#8221; css=&#8221;.vc_custom_1542799756460{padding-top: 88px !important;padding-bottom: 94px !important;}&#8221;][vc_column offset=&#8221;vc_col-lg-offset-1 vc_col-lg-10&#8243; css=&#8221;.vc_custom_1543220604489{padding-top: 0px !important;padding-bottom: 0px !important;}&#8221; column_responsive_padding_1024=&#8221;2px 15px&#8221; column_responsive_padding_768=&#8221;2px 15px&#8221; column_responsive_padding_680=&#8221;4px 15px&#8221;][\/vc_column][\/vc_row][vc_row row_content_width=&#8221;grid&#8221;][vc_column][vc_single_image image=&#8221;3987&#8243; img_size=&#8221;full&#8221;][\/vc_column][\/vc_row][vc_row row_content_width=&#8221;grid&#8221; css=&#8221;.vc_custom_1542987559852{padding-top: 113px !important;padding-bottom: 85px !important;}&#8221;][vc_column css=&#8221;.vc_custom_1542988504222{padding-top: 0px !important;padding-bottom: 0px !important;}&#8221; offset=&#8221;vc_col-lg-4 vc_col-md-4&#8243; column_responsive_padding_768=&#8221;2px 15px 61px 15px&#8221; column_responsive_padding_680=&#8221;4px 15px 61px 15px&#8221; column_responsive_padding_1024=&#8221;2px 15px 0px&#8221;][\/vc_column][vc_column width=&#8221;1\/2&#8243; css=&#8221;.vc_custom_1543393778171{padding-top: 12px !important;}&#8221; offset=&#8221;vc_col-lg-4 vc_col-md-4&#8243; column_responsive_padding_680=&#8221;0 [&hellip;]<\/p>\n","protected":false},"author":1,"featured_media":0,"parent":0,"menu_order":0,"comment_status":"closed","ping_status":"closed","template":"page-full-width.php","meta":{"footnotes":""},"class_list":["post-837","page","type-page","status-publish","hentry"],"_links":{"self":[{"href":"https:\/\/www.888ajans.com\/index.php\/wp-json\/wp\/v2\/pages\/837"}],"collection":[{"href":"https:\/\/www.888ajans.com\/index.php\/wp-json\/wp\/v2\/pages"}],"about":[{"href":"https:\/\/www.888ajans.com\/index.php\/wp-json\/wp\/v2\/types\/page"}],"author":[{"embeddable":true,"href":"https:\/\/www.888ajans.com\/index.php\/wp-json\/wp\/v2\/users\/1"}],"replies":[{"embeddable":true,"href":"https:\/\/www.888ajans.com\/index.php\/wp-json\/wp\/v2\/comments?post=837"}],"version-history":[{"count":17,"href":"https:\/\/www.888ajans.com\/index.php\/wp-json\/wp\/v2\/pages\/837\/revisions"}],"predecessor-version":[{"id":4000,"href":"https:\/\/www.888ajans.com\/index.php\/wp-json\/wp\/v2\/pages\/837\/revisions\/4000"}],"wp:attachment":[{"href":"https:\/\/www.888ajans.com\/index.php\/wp-json\/wp\/v2\/media?parent=837"}],"curies":[{"name":"wp","href":"https:\/\/api.w.org\/{rel}","templated":true}]}}